{"id":4387,"date":"2021-09-28T14:42:32","date_gmt":"2021-09-28T11:42:32","guid":{"rendered":"https:\/\/ks-service.fi\/?page_id=4387"},"modified":"2026-04-10T12:38:18","modified_gmt":"2026-04-10T09:38:18","slug":"foretag","status":"publish","type":"page","link":"https:\/\/ks-service.fi\/sv\/","title":{"rendered":"F\u00f6retag"},"content":{"rendered":"\n<div class=\"wp-block-cover alignfull has-parallax mt-0\" style=\"min-height:40vw;aspect-ratio:unset;\"><div class=\"wp-block-cover__image-background wp-image-4173 has-parallax\" style=\"background-position:50% 50%;background-image:url(https:\/\/ks-service.fi\/wp-content\/uploads\/2024\/07\/ks1-1652870759-e1720438428396.jpg)\"><\/div><span aria-hidden=\"true\" class=\"wp-block-cover__background has-black-background-color has-background-dim-70 has-background-dim\"><\/span><div class=\"wp-block-cover__inner-container is-layout-constrained wp-block-cover-is-layout-constrained\">\n<div class=\"wp-block-group\"><div class=\"wp-block-group__inner-container is-layout-constrained wp-block-group-is-layout-constrained\">\n<h1 class=\"wp-block-heading has-text-align-center h1 has-x-large-font-size\"><strong>Fastighetssk\u00f6tsel<br>proffs<\/strong><\/h1>\n\n\n\n<p class=\"has-text-align-center\"><\/p>\n\n\n\n<p class=\"has-text-align-center mt-5\">24\/7 Dejoureringsnummer:<\/p>\n\n\n\n<div class=\"wp-block-buttons is-content-justification-center is-layout-flex wp-container-core-buttons-is-layout-16018d1d wp-block-buttons-is-layout-flex\">\n<div class=\"wp-block-button\"><a class=\"wp-block-button__link has-medium-font-size has-custom-font-size wp-element-button\" href=\"tel:+358449873231\">+358 44 987 3231<\/a><\/div>\n<\/div>\n<\/div><\/div>\n<\/div><\/div>\n\n\n\n<div class=\"wp-block-columns is-style-default is-layout-flex wp-container-core-columns-is-layout-9d6595d7 wp-block-columns-is-layout-flex\">\n<div class=\"wp-block-column is-layout-flow wp-block-column-is-layout-flow\">\n<div class=\"wp-block-columns is-layout-flex wp-container-core-columns-is-layout-9d6595d7 wp-block-columns-is-layout-flex\">\n<div class=\"wp-block-column is-vertically-aligned-top is-layout-flow wp-block-column-is-layout-flow\" style=\"flex-basis:33.33%\"><div class=\"wp-block-image\">\n<figure class=\"aligncenter size-full is-resized\"><img decoding=\"async\" width=\"200\" height=\"84\" src=\"https:\/\/ks-service.fi\/wp-content\/uploads\/2024\/07\/plitlig-partner-logo-2.jpg\" alt=\"\" class=\"wp-image-4197\" style=\"width:110px\"\/><\/figure>\n<\/div><\/div>\n\n\n\n<div class=\"wp-block-column is-layout-flow wp-block-column-is-layout-flow\" style=\"flex-basis:80%\">\n<h1 class=\"wp-block-heading has-text-align-left h2\">KS-Service &#8211; <br>Fastighetssk\u00f6tseltj\u00e4nster&nbsp;i&nbsp;Borg\u00e5\u202f&nbsp;<\/h1>\n\n\n\n<p class=\"has-text-align-left\">KS-Service \u00e4r ett p\u00e5litligt val f\u00f6r yttre omr\u00e5den, s\u00e5som sn\u00f6r\u00f6jning och tr\u00e4dg\u00e5rdsarbete \u2013 allt utf\u00f6rt professionellt och effektivt. F\u00f6rutom yttre fastighetsunderh\u00e5ll tar vi ocks\u00e5 hand om sm\u00e5reparationer, st\u00e4dning och fastighetssk\u00f6tsel, noggrant och i tid, tack vare v\u00e5r l\u00e5nga erfarenhet inom fastighetsservice.\u202f<\/p>\n\n\n\n<p class=\"has-text-align-left\">V\u00e5ra kunder \u00e4r bostadsbolag, f\u00f6retag och privatpersoner i Borg\u00e5 \u2013 oavsett om det \u00e4r ett stort eller litet underh\u00e5llsarbete, kan vi hj\u00e4lpa till. Vi satsar p\u00e5 l\u00e5ngvariga kundrelationer och n\u00f6jda kunder som ser oss som sin egen fastighetssk\u00f6tare.\u202f<\/p>\n\n\n\n<div class=\"wp-block-buttons is-content-justification-center is-layout-flex wp-container-core-buttons-is-layout-16018d1d wp-block-buttons-is-layout-flex\">\n<div class=\"wp-block-button\"><a class=\"wp-block-button__link wp-element-button\" href=\"https:\/\/ks-service.fi\/sv\/kontakta-oss\/\">Ring och be om offert!<\/a><\/div>\n<\/div>\n<\/div>\n<\/div>\n<\/div>\n<\/div>\n\n\n\n<div class=\"wp-block-cover alignfull has-parallax mt-0\" style=\"min-height:20vw;aspect-ratio:unset;\"><div role=\"img\" aria-label=\"Kiinteist\u00f6huolto KS-Service Oy:n kiinteist\u00f6nhoitaja haravoi puista pudonneita lehti\u00e4 s\u00e4kkiin.\" class=\"wp-block-cover__image-background wp-image-4280 size-large has-parallax\" style=\"background-position:50% 50%;background-image:url(https:\/\/ks-service.fi\/wp-content\/uploads\/2024\/07\/20211008-112713-654x1024.jpg)\"><\/div><span aria-hidden=\"true\" class=\"wp-block-cover__background has-black-background-color has-background-dim-20 has-background-dim\"><\/span><div class=\"wp-block-cover__inner-container is-layout-constrained wp-block-cover-is-layout-constrained\">\n<p class=\"has-text-align-center has-large-font-size\"><\/p>\n<\/div><\/div>\n\n\n\n<div class=\"wp-block-columns is-layout-flex wp-container-core-columns-is-layout-9d6595d7 wp-block-columns-is-layout-flex\">\n<div class=\"wp-block-column is-layout-flow wp-block-column-is-layout-flow\">\n<h2 class=\"wp-block-heading h3\">God&nbsp;fastighetssk\u00f6tsel&nbsp;\u00f6kar&nbsp;boendekomforten<\/h2>\n\n\n\n<p>V\u00e5rt&nbsp;m\u00e5l&nbsp;\u00e4r&nbsp;att&nbsp;h\u00e5lla&nbsp;fastigheter, hem&nbsp;och&nbsp;fritidsbost\u00e4der&nbsp;i&nbsp;gott&nbsp;skick&nbsp;genom&nbsp;f\u00f6rebyggande&nbsp;service \u2013&nbsp;och&nbsp;n\u00e4r&nbsp;reparationer&nbsp;beh\u00f6vs,&nbsp;agerar&nbsp;vi&nbsp;snabbt&nbsp;och&nbsp;med minimal&nbsp;st\u00f6rning&nbsp;f\u00f6r de&nbsp;boende.\u202f&nbsp;<\/p>\n\n\n\n<p>Vi&nbsp;l\u00e4gger&nbsp;vikt&nbsp;vid&nbsp;att&nbsp;utf\u00f6ra&nbsp;v\u00e5ra&nbsp;uppdrag&nbsp;enligt&nbsp;\u00f6verenskommen&nbsp;tidsplan&nbsp;och&nbsp;med&nbsp;h\u00f6g&nbsp;kvalitet. Vi&nbsp;garanterar&nbsp;att&nbsp;din&nbsp;fastighet&nbsp;fungerar&nbsp;smidigt&nbsp;\u00e5ret&nbsp;runt,&nbsp;och&nbsp;vi tar hand om&nbsp;b\u00e5de&nbsp;renlighet&nbsp;och&nbsp;underh\u00e5ll&nbsp;av&nbsp;fastighetsteknik&nbsp;och&nbsp;g\u00e5rdsomr\u00e5den&nbsp;med&nbsp;yrkesskicklighet&nbsp;och&nbsp;uppdaterad&nbsp;kompetens.<\/p>\n\n\n\n<h2 class=\"wp-block-heading h3\">Sn\u00f6r\u00f6jning och gr\u00e4sklippning \u2013 underh\u00e5ll \u00e5ret om\u202f<\/h2>\n\n\n\n<p>S\u00e4songsbetonade arbeten p\u00e5 g\u00e5rdsomr\u00e5det \u2013 som sn\u00f6r\u00f6jning och halkbek\u00e4mpning vintertid, gr\u00e4sklippning p\u00e5 sommaren och l\u00f6vst\u00e4dning p\u00e5 h\u00f6sten \u2013 ser till att dina uteomr\u00e5den \u00e4r snygga och trivseln h\u00f6g samt att g\u00e5ngv\u00e4garna \u00e4r s\u00e4kra.\u202f<\/p>\n\n\n\n<p>Vi skr\u00e4ddarsyr underh\u00e5llet enligt din fastighets behov. Kontakta oss n\u00e4r du beh\u00f6ver professionell hj\u00e4lp med fastighetsservice \u2013 vare sig det g\u00e4ller ett enskilt projekt, s\u00e4songsbundna sn\u00f6- eller tr\u00e4dg\u00e5rdstj\u00e4nster, eller ett l\u00f6pande serviceavtal. Be g\u00e4rna om en offert \u2013 helt utan f\u00f6rbindelser!\u202f<\/p>\n\n\n\n<h2 class=\"wp-block-heading h3\">Fastighetsjour i Borg\u00e5 \u2013 dygnet runt\u202f<\/h2>\n\n\n\n<p>Vi har jour 24\/7 \u2013 kontakta oss genast om ett fel uppst\u00e5r:\u202ftel. <a href=\"tel:+358449873231\" title=\"\">+358 44 987 3231<\/a>\u202f<\/p>\n\n\n\n<p><\/p>\n<\/div>\n<\/div>\n\n\n\n<div class=\"wp-block-cover alignfull has-parallax mt-0\" style=\"min-height:20vw;aspect-ratio:unset;\"><div class=\"wp-block-cover__image-background wp-image-4189 has-parallax\" style=\"background-position:50% 50%;background-image:url(https:\/\/ks-service.fi\/wp-content\/uploads\/2024\/07\/img-20240209-wa0007-2.jpg)\"><\/div><span aria-hidden=\"true\" class=\"wp-block-cover__background has-black-background-color has-background-dim-70 has-background-dim\"><\/span><div class=\"wp-block-cover__inner-container is-layout-constrained wp-block-cover-is-layout-constrained\">\n<h2 class=\"wp-block-heading has-text-align-center\">KS-Service<\/h2>\n\n\n\n<p class=\"has-text-align-center\">2713946-7<\/p>\n\n\n\n<p class=\"has-text-align-center has-white-color has-text-color has-link-color wp-elements-5bcbb85115d1e4b35bc709d4255f57bf\"><strong>Kristian Suomi<br><\/strong><a href=\"tel:+358449873231\">+358 44 987 3231<\/a><br>Jackarbyv\u00e4gen 242<br>06200 PORVOO<br><br>24\/7\u00a0Dejoureringsnummer:<\/p>\n\n\n\n<div class=\"wp-block-buttons is-content-justification-center is-layout-flex wp-container-core-buttons-is-layout-16018d1d wp-block-buttons-is-layout-flex\">\n<div class=\"wp-block-button\"><a class=\"wp-block-button__link wp-element-button\" href=\"tel:+358449873231\">+358 44 987 3231<\/a><\/div>\n\n\n\n<div class=\"wp-block-button\"><a class=\"wp-block-button__link wp-element-button\" href=\"mailto:ks.service1@hotmail.com\">ks.service1@hotmail.com<\/a><\/div>\n<\/div>\n<\/div><\/div>\n\n\n\n<div class=\"wp-block-cover alignfull has-parallax mt-0\" style=\"min-height:20vw;aspect-ratio:unset;\"><div class=\"wp-block-cover__image-background wp-image-4219 has-parallax\" style=\"background-position:50% 50%;background-image:url(https:\/\/ks-service.fi\/wp-content\/uploads\/2024\/07\/img-20240121-wa0008-2.jpg)\"><\/div><span aria-hidden=\"true\" class=\"wp-block-cover__background has-black-background-color has-background-dim-70 has-background-dim\"><\/span><div class=\"wp-block-cover__inner-container is-layout-constrained wp-block-cover-is-layout-constrained\">\n<h2 class=\"wp-block-heading has-text-align-center mb-0 is-style-line-through\">F\u00f6lj oss<\/h2>\n\n\n\n<div class=\"wp-block-buttons mt-3 is-content-justification-center is-layout-flex wp-container-core-buttons-is-layout-16018d1d wp-block-buttons-is-layout-flex\">\n<div class=\"wp-block-button mt-0\"><a class=\"wp-block-button__link has-background wp-element-button\" href=\"https:\/\/www.facebook.com\/service1.ks\/\" style=\"background-color:#3a5795\"><svg class=\"bi  \" width=\"1em\" height=\"1em\" fill=\"currentColor\">\r\n\t<use xlink:href=\"https:\/\/ks-service.fi\/wp-content\/themes\/luotsi2\/assets\/img\/bootstrap-icons.svg#facebook\" \/>\r\n<\/svg> Facebook<\/a><\/div>\n<\/div>\n<\/div><\/div>\n","protected":false},"excerpt":{"rendered":"<p>KS-Service &#8211; Fastighetssk\u00f6tseltj\u00e4nster&nbsp;i&nbsp;Borg\u00e5\u202f&nbsp; KS-Service \u00e4r ett p\u00e5litligt val f\u00f6r yttre omr\u00e5den, s\u00e5som sn\u00f6r\u00f6jning och tr\u00e4dg\u00e5rdsarbete \u2013 allt utf\u00f6rt professionellt och effektivt. F\u00f6rutom yttre fastighetsunderh\u00e5ll tar vi ocks\u00e5 hand om sm\u00e5reparationer, st\u00e4dning och fastighetssk\u00f6tsel, noggrant och i tid, tack vare v\u00e5r l\u00e5nga erfarenhet inom fastighetsservice.\u202f V\u00e5ra kunder \u00e4r bostadsbolag, f\u00f6retag och privatpersoner i Borg\u00e5 \u2013 oavsett [&hellip;]<\/p>\n","protected":false},"author":1,"featured_media":0,"parent":0,"menu_order":1,"comment_status":"closed","ping_status":"closed","template":"","meta":{"_acf_changed":false,"footnotes":""},"class_list":["post-4387","page","type-page","status-publish","hentry"],"acf":[],"aioseo_notices":[],"_links":{"self":[{"href":"https:\/\/ks-service.fi\/sv\/wp-json\/wp\/v2\/pages\/4387","targetHints":{"allow":["GET"]}}],"collection":[{"href":"https:\/\/ks-service.fi\/sv\/wp-json\/wp\/v2\/pages"}],"about":[{"href":"https:\/\/ks-service.fi\/sv\/wp-json\/wp\/v2\/types\/page"}],"author":[{"embeddable":true,"href":"https:\/\/ks-service.fi\/sv\/wp-json\/wp\/v2\/users\/1"}],"replies":[{"embeddable":true,"href":"https:\/\/ks-service.fi\/sv\/wp-json\/wp\/v2\/comments?post=4387"}],"version-history":[{"count":5,"href":"https:\/\/ks-service.fi\/sv\/wp-json\/wp\/v2\/pages\/4387\/revisions"}],"predecessor-version":[{"id":4397,"href":"https:\/\/ks-service.fi\/sv\/wp-json\/wp\/v2\/pages\/4387\/revisions\/4397"}],"wp:attachment":[{"href":"https:\/\/ks-service.fi\/sv\/wp-json\/wp\/v2\/media?parent=4387"}],"curies":[{"name":"wp","href":"https:\/\/api.w.org\/{rel}","templated":true}]}}