{"id":4378,"date":"2021-10-15T09:22:11","date_gmt":"2021-10-15T06:22:11","guid":{"rendered":"https:\/\/ks-service.fi\/?page_id=4378"},"modified":"2026-04-10T12:32:30","modified_gmt":"2026-04-10T09:32:30","slug":"fastighetsunderhall","status":"publish","type":"page","link":"https:\/\/ks-service.fi\/sv\/fastighetsunderhall\/","title":{"rendered":"Fastighetsunderh\u00e5ll"},"content":{"rendered":"\n<div class=\"wp-block-cover alignfull has-parallax mt-0\" style=\"min-height:30vw;aspect-ratio:unset;\"><div class=\"wp-block-cover__image-background wp-image-4257 has-parallax\" style=\"background-position:50% 50%;background-image:url(https:\/\/ks-service.fi\/wp-content\/uploads\/2024\/07\/img-20210706-104447-816-2.jpg)\"><\/div><span aria-hidden=\"true\" class=\"wp-block-cover__background has-black-background-color has-background-dim-70 has-background-dim\"><\/span><div class=\"wp-block-cover__inner-container is-layout-constrained wp-block-cover-is-layout-constrained\">\n<h1 class=\"wp-block-heading has-text-align-center has-x-large-font-size\">Tj\u00e4nster<\/h1>\n<\/div><\/div>\n\n\n\n<div class=\"wp-block-columns is-style-default is-layout-flex wp-container-core-columns-is-layout-9d6595d7 wp-block-columns-is-layout-flex\">\n<div class=\"wp-block-column is-layout-flow wp-block-column-is-layout-flow\">\n<p class=\"has-text-align-center\"><strong>KS-Service<\/strong>&nbsp;erbjuder skr\u00e4ddarsydda helhetsl\u00f6sningar inom fastighetsservice f\u00f6r privatpersoner, f\u00f6retag och husbolag.<\/p>\n\n\n\n<p class=\"has-text-align-center\">Vi utf\u00f6r arbeten med l\u00e5ng erfarenhet och stor yrkeskunskap. F\u00f6r att f\u00f6rs\u00e4kra att v\u00e5ra kunder \u00e4r n\u00f6jda arbetar vi alltid professionellt och enligt best\u00e4md tidtabell.<\/p>\n\n\n\n<p class=\"has-text-align-center\">Kontakta oss d\u00e5 du beh\u00f6ver professionell hj\u00e4lp med b\u00e5de stora som sm\u00e5 projekt.<\/p>\n\n\n\n<p class=\"has-text-align-center\">Ring oss och s\u00e5 ber\u00e4ttar vi mera.<\/p>\n<\/div>\n\n\n\n<div class=\"wp-block-column is-layout-flow wp-block-column-is-layout-flow\">\n<figure class=\"wp-block-image size-large\"><img decoding=\"async\" width=\"1024\" height=\"433\" src=\"https:\/\/ks-service.fi\/wp-content\/uploads\/2024\/07\/artboard3-1024x433.jpg\" alt=\"\" class=\"wp-image-4260\" srcset=\"https:\/\/ks-service.fi\/wp-content\/uploads\/2024\/07\/artboard3-1024x433.jpg 1024w, https:\/\/ks-service.fi\/wp-content\/uploads\/2024\/07\/artboard3-300x127.jpg 300w, https:\/\/ks-service.fi\/wp-content\/uploads\/2024\/07\/artboard3-768x325.jpg 768w, https:\/\/ks-service.fi\/wp-content\/uploads\/2024\/07\/artboard3-1536x649.jpg 1536w, https:\/\/ks-service.fi\/wp-content\/uploads\/2024\/07\/artboard3.jpg 2020w\" sizes=\"(max-width: 1024px) 100vw, 1024px\" \/><\/figure>\n\n\n<div class=\"wp-block-image\">\n<figure class=\"aligncenter size-full is-resized\"><img decoding=\"async\" width=\"200\" height=\"84\" src=\"https:\/\/ks-service.fi\/wp-content\/uploads\/2024\/07\/plitlig-partner-logo-2.jpg\" alt=\"\" class=\"wp-image-4197\" style=\"width:110px\"\/><\/figure>\n<\/div><\/div>\n<\/div>\n\n\n\n<div class=\"wp-block-cover alignfull has-parallax mt-0\" style=\"min-height:20vw;aspect-ratio:unset;\"><div class=\"wp-block-cover__image-background wp-image-4219 has-parallax\" style=\"background-position:50% 50%;background-image:url(https:\/\/ks-service.fi\/wp-content\/uploads\/2024\/07\/img-20240121-wa0008-2.jpg)\"><\/div><span aria-hidden=\"true\" class=\"wp-block-cover__background has-black-background-color has-background-dim-70 has-background-dim\"><\/span><div class=\"wp-block-cover__inner-container is-layout-constrained wp-block-cover-is-layout-constrained\">\n<h2 class=\"wp-block-heading has-text-align-center mb-0 is-style-line-through\">F\u00f6lj oss<\/h2>\n\n\n\n<div class=\"wp-block-buttons mt-3 is-content-justification-center is-layout-flex wp-container-core-buttons-is-layout-16018d1d wp-block-buttons-is-layout-flex\">\n<div class=\"wp-block-button mt-0\"><a class=\"wp-block-button__link has-background wp-element-button\" href=\"https:\/\/www.facebook.com\/service1.ks\/\" style=\"background-color:#3a5795\"><svg class=\"bi  \" width=\"1em\" height=\"1em\" fill=\"currentColor\">\r\n\t<use xlink:href=\"https:\/\/ks-service.fi\/wp-content\/themes\/luotsi2\/assets\/img\/bootstrap-icons.svg#facebook\" \/>\r\n<\/svg> Facebook<\/a><\/div>\n<\/div>\n<\/div><\/div>\n","protected":false},"excerpt":{"rendered":"<p>KS-Service&nbsp;erbjuder skr\u00e4ddarsydda helhetsl\u00f6sningar inom fastighetsservice f\u00f6r privatpersoner, f\u00f6retag och husbolag. Vi utf\u00f6r arbeten med l\u00e5ng erfarenhet och stor yrkeskunskap. F\u00f6r att f\u00f6rs\u00e4kra att v\u00e5ra kunder \u00e4r n\u00f6jda arbetar vi alltid professionellt och enligt best\u00e4md tidtabell. Kontakta oss d\u00e5 du beh\u00f6ver professionell hj\u00e4lp med b\u00e5de stora som sm\u00e5 projekt. Ring oss och s\u00e5 ber\u00e4ttar vi mera.<\/p>\n","protected":false},"author":1,"featured_media":0,"parent":0,"menu_order":2,"comment_status":"closed","ping_status":"closed","template":"","meta":{"_acf_changed":false,"footnotes":""},"class_list":["post-4378","page","type-page","status-publish","hentry"],"acf":[],"aioseo_notices":[],"_links":{"self":[{"href":"https:\/\/ks-service.fi\/sv\/wp-json\/wp\/v2\/pages\/4378","targetHints":{"allow":["GET"]}}],"collection":[{"href":"https:\/\/ks-service.fi\/sv\/wp-json\/wp\/v2\/pages"}],"about":[{"href":"https:\/\/ks-service.fi\/sv\/wp-json\/wp\/v2\/types\/page"}],"author":[{"embeddable":true,"href":"https:\/\/ks-service.fi\/sv\/wp-json\/wp\/v2\/users\/1"}],"replies":[{"embeddable":true,"href":"https:\/\/ks-service.fi\/sv\/wp-json\/wp\/v2\/comments?post=4378"}],"version-history":[{"count":3,"href":"https:\/\/ks-service.fi\/sv\/wp-json\/wp\/v2\/pages\/4378\/revisions"}],"predecessor-version":[{"id":4384,"href":"https:\/\/ks-service.fi\/sv\/wp-json\/wp\/v2\/pages\/4378\/revisions\/4384"}],"wp:attachment":[{"href":"https:\/\/ks-service.fi\/sv\/wp-json\/wp\/v2\/media?parent=4378"}],"curies":[{"name":"wp","href":"https:\/\/api.w.org\/{rel}","templated":true}]}}